{"id":271,"date":"2022-03-03T13:31:41","date_gmt":"2022-03-03T11:31:41","guid":{"rendered":"https:\/\/validmuistihoito.fi\/?page_id=271"},"modified":"2023-04-19T17:40:32","modified_gmt":"2023-04-19T14:40:32","slug":"koulutusten-teemat","status":"publish","type":"page","link":"https:\/\/validmuistihoito.fi\/?page_id=271","title":{"rendered":"Koulutusten teemat"},"content":{"rendered":"\n<p>Aggressiivinen muistisairas- muuttunut k\u00e4ytt\u00e4ytyminen.<br>Muutos l\u00e4htee minusta ja meist\u00e4. Koulutus\u00a0lis\u00e4\u00e4 osaamista ennakoida\u00a0ja hoitaa haastavia\u00a0tilanteita.\u00a04h<br>Suosituin koulutusp\u00e4iv\u00e4!<\/p>\n\n\n\n<p>Muistisairaan hoidon ymm\u00e4rt\u00e4v\u00e4 kohtaaminen ja yhteyden luominen koulutus 4h ja 8h<\/p>\n\n\n\n<p>Muistisairaan ja hoitajan\/l\u00e4heisen yhteyden luominen 4h<\/p>\n\n\n\n<p>Haastavat tilanteet, haastava asiakas, asukas, hoidettava? Kohtaamattomat tarpeet ja tunteet 4h<\/p>\n\n\n\n<p>Hoitajan ty\u00f6ss\u00e4 jaksaminen 2h<\/p>\n\n\n\n<p>Saattohoidon ja palliatiivisen hoidon koulutukset 4h<\/p>\n\n\n\n<p>Validaatiomenetelm\u00e4n koulutus 4h<\/p>\n\n\n\n<p>Muistisairaus ja parisuhde Ihmissuhteet sairauden edetess\u00e4 2h<\/p>\n\n\n\n<p>Omaishoitajan tukeminen, ohjaaminen ja yhteisty\u00f6 2h<\/p>\n\n\n\n<p>Aistien muutokset muistisairauden edetess\u00e4 ja hoitoon vaikuttavat&nbsp;tekij\u00e4t 2h<\/p>\n\n\n\n<p>Mielen hyvinvointi 2h<\/p>\n","protected":false},"excerpt":{"rendered":"<p>Aggressiivinen muistisairas- muuttunut k\u00e4ytt\u00e4ytyminen.Muutos l\u00e4htee minusta ja meist\u00e4. Koulutus\u00a0lis\u00e4\u00e4 osaamista ennakoida\u00a0ja hoitaa haastavia\u00a0tilanteita.\u00a04hSuosituin koulutusp\u00e4iv\u00e4! Muistisairaan hoidon ymm\u00e4rt\u00e4v\u00e4 kohtaaminen ja yhteyden luominen koulutus 4h ja 8h Muistisairaan ja hoitajan\/l\u00e4heisen yhteyden luominen 4h Haastavat tilanteet, haastava asiakas, asukas, hoidettava? Kohtaamattomat tarpeet ja tunteet 4h Hoitajan ty\u00f6ss\u00e4 jaksaminen 2h Saattohoidon ja palliatiivisen hoidon koulutukset 4h Validaatiomenetelm\u00e4n koulutus 4h &hellip;<\/p>\n<p class=\"read-more\"> <a class=\"\" href=\"https:\/\/validmuistihoito.fi\/?page_id=271\"> <span class=\"screen-reader-text\">Koulutusten teemat<\/span> Lue lis\u00e4\u00e4 &raquo;<\/a><\/p>\n","protected":false},"author":1,"featured_media":0,"parent":92,"menu_order":0,"comment_status":"closed","ping_status":"closed","template":"","meta":{"site-sidebar-layout":"default","site-content-layout":"default","ast-global-header-display":"","ast-banner-title-visibility":"","ast-main-header-display":"","ast-hfb-above-header-display":"","ast-hfb-below-header-display":"","ast-hfb-mobile-header-display":"","site-post-title":"","ast-breadcrumbs-content":"","ast-featured-img":"","footer-sml-layout":"","theme-transparent-header-meta":"default","adv-header-id-meta":"","stick-header-meta":"","header-above-stick-meta":"","header-main-stick-meta":"","header-below-stick-meta":"","footnotes":""},"_links":{"self":[{"href":"https:\/\/validmuistihoito.fi\/index.php?rest_route=\/wp\/v2\/pages\/271"}],"collection":[{"href":"https:\/\/validmuistihoito.fi\/index.php?rest_route=\/wp\/v2\/pages"}],"about":[{"href":"https:\/\/validmuistihoito.fi\/index.php?rest_route=\/wp\/v2\/types\/page"}],"author":[{"embeddable":true,"href":"https:\/\/validmuistihoito.fi\/index.php?rest_route=\/wp\/v2\/users\/1"}],"replies":[{"embeddable":true,"href":"https:\/\/validmuistihoito.fi\/index.php?rest_route=%2Fwp%2Fv2%2Fcomments&post=271"}],"version-history":[{"count":3,"href":"https:\/\/validmuistihoito.fi\/index.php?rest_route=\/wp\/v2\/pages\/271\/revisions"}],"predecessor-version":[{"id":517,"href":"https:\/\/validmuistihoito.fi\/index.php?rest_route=\/wp\/v2\/pages\/271\/revisions\/517"}],"up":[{"embeddable":true,"href":"https:\/\/validmuistihoito.fi\/index.php?rest_route=\/wp\/v2\/pages\/92"}],"wp:attachment":[{"href":"https:\/\/validmuistihoito.fi\/index.php?rest_route=%2Fwp%2Fv2%2Fmedia&parent=271"}],"curies":[{"name":"wp","href":"https:\/\/api.w.org\/{rel}","templated":true}]}}