{"id":32,"date":"2020-03-31T15:38:36","date_gmt":"2020-03-31T12:38:36","guid":{"rendered":"https:\/\/validmuistihoito.fi\/uusi\/?page_id=32"},"modified":"2024-02-21T18:41:49","modified_gmt":"2024-02-21T16:41:49","slug":"etusivu","status":"publish","type":"page","link":"https:\/\/validmuistihoito.fi\/","title":{"rendered":"Palveluni"},"content":{"rendered":"\t\t<div data-elementor-type=\"wp-page\" data-elementor-id=\"32\" class=\"elementor elementor-32\">\n\t\t\t\t\t\t<section class=\"elementor-section elementor-top-section elementor-element elementor-element-dc8b23c elementor-section-boxed elementor-section-height-default elementor-section-height-default\" data-id=\"dc8b23c\" data-element_type=\"section\">\n\t\t\t\t\t\t<div class=\"elementor-container elementor-column-gap-default\">\n\t\t\t\t\t<div class=\"elementor-column elementor-col-33 elementor-top-column elementor-element elementor-element-06cf253\" data-id=\"06cf253\" data-element_type=\"column\">\n\t\t\t<div class=\"elementor-widget-wrap elementor-element-populated\">\n\t\t\t\t\t\t<div class=\"elementor-element elementor-element-ecd9e7a elementor-widget elementor-widget-heading\" data-id=\"ecd9e7a\" data-element_type=\"widget\" data-widget_type=\"heading.default\">\n\t\t\t\t<div class=\"elementor-widget-container\">\n\t\t\t\t\t<h2 class=\"elementor-heading-title elementor-size-default\"><a href=\"https:\/\/validmuistihoito.fi\/?page_id=407\">Kognitiivinen lyhytterapia<\/a><\/h2>\t\t\t\t<\/div>\n\t\t\t\t<\/div>\n\t\t\t\t\t<\/div>\n\t\t<\/div>\n\t\t\t\t<div class=\"elementor-column elementor-col-33 elementor-top-column elementor-element elementor-element-d8e68be\" data-id=\"d8e68be\" data-element_type=\"column\">\n\t\t\t<div class=\"elementor-widget-wrap elementor-element-populated\">\n\t\t\t\t\t\t<div class=\"elementor-element elementor-element-7c45edc elementor-widget elementor-widget-heading\" data-id=\"7c45edc\" data-element_type=\"widget\" data-widget_type=\"heading.default\">\n\t\t\t\t<div class=\"elementor-widget-container\">\n\t\t\t\t\t<h2 class=\"elementor-heading-title elementor-size-default\"><a href=\"https:\/\/validmuistihoito.fi\/?page_id=92\">Koulutukset<\/a><\/h2>\t\t\t\t<\/div>\n\t\t\t\t<\/div>\n\t\t\t\t\t<\/div>\n\t\t<\/div>\n\t\t\t\t<div class=\"elementor-column elementor-col-33 elementor-top-column elementor-element elementor-element-2be01be\" data-id=\"2be01be\" data-element_type=\"column\">\n\t\t\t<div class=\"elementor-widget-wrap elementor-element-populated\">\n\t\t\t\t\t\t<div class=\"elementor-element elementor-element-6dc83bb elementor-widget elementor-widget-heading\" data-id=\"6dc83bb\" data-element_type=\"widget\" data-widget_type=\"heading.default\">\n\t\t\t\t<div class=\"elementor-widget-container\">\n\t\t\t\t\t<h2 class=\"elementor-heading-title elementor-size-default\"><a href=\"https:\/\/validmuistihoito.fi\/?page_id=89\">Muistihoito<\/a><\/h2>\t\t\t\t<\/div>\n\t\t\t\t<\/div>\n\t\t\t\t\t<\/div>\n\t\t<\/div>\n\t\t\t\t\t<\/div>\n\t\t<\/section>\n\t\t\t\t<section class=\"elementor-section elementor-top-section elementor-element elementor-element-42a4af32 elementor-section-boxed elementor-section-height-default elementor-section-height-default\" data-id=\"42a4af32\" data-element_type=\"section\">\n\t\t\t\t\t\t<div class=\"elementor-container elementor-column-gap-default\">\n\t\t\t\t\t<div class=\"elementor-column elementor-col-100 elementor-top-column elementor-element elementor-element-780f2da2\" data-id=\"780f2da2\" data-element_type=\"column\">\n\t\t\t<div class=\"elementor-widget-wrap elementor-element-populated\">\n\t\t\t\t\t\t<div class=\"elementor-element elementor-element-14ffca15 elementor-widget elementor-widget-text-editor\" data-id=\"14ffca15\" data-element_type=\"widget\" data-widget_type=\"text-editor.default\">\n\t\t\t\t<div class=\"elementor-widget-container\">\n\t\t\t\t\t\t\t\t\t<p><\/p>\n<p><\/p>\n<p><strong>1.&nbsp;<\/strong><a style=\"font-size: 15px; font-family: var( --e-global-typography-text-font-family ), Sans-serif; background-color: #ffffff;\" href=\"https:\/\/validmuistihoito.fi\/?page_id=407\" target=\"_blank\" rel=\"noopener\">Kognitiivinen lyhytterapia<\/a> &#8211; Yksin\u00e4isyys, alakuloisuus, unettomuus, itsetuhoiset ajatukset, kriisit, suru ja ihmissuhdehaasteet voivat olla meid\u00e4n jokaisen tunteita ja kokemuksia el\u00e4m\u00e4n eri solmukohdissa. My\u00f6s opiskeluun ja ty\u00f6h\u00f6n liittyv\u00e4t haasteet voivat olla&nbsp; el\u00e4m\u00e4\u00e4 kuormittavia asioita.<\/p>\n<p><strong>2.&nbsp;<\/strong><a href=\"https:\/\/validmuistihoito.fi\/?page_id=271\" target=\"_blank\" rel=\"noopener\">Koulutukset<\/a> &#8211; Muistisairaan hoitamiseen k\u00e4yt\u00e4nn\u00f6nl\u00e4heiset koulutukset palvelumme kautta. Haastavat tilanteet, muuttunut k\u00e4ytt\u00e4ytyminen kuormittaa hoitajia, l\u00e4heisi\u00e4 ja sairastunutta itse\u00e4\u00e4n. Koulutuksissa perehdyt\u00e4\u00e4n validaatiomenetelm\u00e4n keinoin omaksumaan uusia keinoja ennaltaehk\u00e4ist\u00e4 sek\u00e4 hoitaa haastavia tilanteita. Kun ihmisen tarpeet ja tunteet osataan huomioida el\u00e4m\u00e4nhistorian kautta, hoito helpottuu ja ty\u00f6hyvinvointi paranee.<br>Soita tai kysy tarjous teid\u00e4n yksikk\u00f6\u00f6nne <a href=\"https:\/\/validmuistihoito.fi\/?page_id=59\">s\u00e4hk\u00f6postilla<\/a>.<\/p>\n<p><\/p>\n<p><strong>3.&nbsp;<\/strong><a style=\"font-size: 15px; font-family: var( --e-global-typography-text-font-family ), Sans-serif; background-color: #ffffff;\" href=\"https:\/\/validmuistihoito.fi\/?page_id=89\" target=\"_blank\" rel=\"noopener\">Muistihoito &#8211; <\/a>konsultaatiot, ohjaukseen ja tukeen liittyv\u00e4t palvelut my\u00f6s kotik\u00e4ynnein tai et\u00e4n\u00e4. \u00c4l\u00e4 j\u00e4\u00e4 yksin, kun kohtaat l\u00e4heisesi sairauden aiheuttavan kysymyksi\u00e4, h\u00e4mmennyst\u00e4&nbsp;tai huolta. Voimavarat lis\u00e4\u00e4ntyy ja el\u00e4m\u00e4nlaatu paranee saadessa oikea-aikaista tukea erilaisiin tilanteisiin. Aivosairaus&nbsp;on puolisoa ja koko perhett\u00e4 koskettava vakava sairaus.<\/p>\n<p>Yhteydenotto soittamalla tai <a href=\"https:\/\/validmuistihoito.fi\/?page_id=89\">s\u00e4hk\u00f6postilla<\/a><\/p>\n<p><\/p>\n<hr class=\"wp-block-separator\">\n<p><ul class=\"wp-block-latest-posts__list aligncenter wp-block-latest-posts\"><li><a class=\"wp-block-latest-posts__post-title\" href=\"https:\/\/validmuistihoito.fi\/?p=343\">Muistisairaan hoito omaishoitajuuden vastuulla<\/a><\/li>\n<li><a class=\"wp-block-latest-posts__post-title\" href=\"https:\/\/validmuistihoito.fi\/?p=296\">Muistisairaan toive hoivakodissa vierailevalle. \u2764\ufe0f\u2764\ufe0f<\/a><\/li>\n<li><a class=\"wp-block-latest-posts__post-title\" href=\"https:\/\/validmuistihoito.fi\/?p=280\">Miten ymm\u00e4rt\u00e4\u00e4 muistisairaan ihmisen muuttunutta k\u00e4ytt\u00e4ytymist\u00e4? \u2764\ufe0f<\/a><\/li>\n<li><a class=\"wp-block-latest-posts__post-title\" href=\"https:\/\/validmuistihoito.fi\/?p=278\">Miten muistisairaasta ihmisest\u00e4 puhutaan. \u2764\ufe0f<\/a><\/li>\n<li><a class=\"wp-block-latest-posts__post-title\" href=\"https:\/\/validmuistihoito.fi\/?p=227\">Muis\u00adti\u00adsai\u00adraus ja h\u00e4pe\u00e4<\/a><\/li>\n<\/ul><\/p>\t\t\t\t\t\t\t\t<\/div>\n\t\t\t\t<\/div>\n\t\t\t\t\t<\/div>\n\t\t<\/div>\n\t\t\t\t\t<\/div>\n\t\t<\/section>\n\t\t\t\t<section class=\"elementor-section elementor-top-section elementor-element elementor-element-b2919fa elementor-section-boxed elementor-section-height-default elementor-section-height-default\" data-id=\"b2919fa\" data-element_type=\"section\">\n\t\t\t\t\t\t<div class=\"elementor-container elementor-column-gap-default\">\n\t\t\t\t\t<div class=\"elementor-column elementor-col-100 elementor-top-column elementor-element elementor-element-de5b78e\" data-id=\"de5b78e\" data-element_type=\"column\">\n\t\t\t<div class=\"elementor-widget-wrap elementor-element-populated\">\n\t\t\t\t\t\t<div class=\"elementor-element elementor-element-fab683c elementor-widget elementor-widget-text-editor\" data-id=\"fab683c\" data-element_type=\"widget\" data-widget_type=\"text-editor.default\">\n\t\t\t\t<div class=\"elementor-widget-container\">\n\t\t\t\t\t\t\t\t\t<h2>Lis\u00e4tietoa kotitalousv\u00e4hennyksest\u00e4 l\u00f6ytyy verohallinnon sivuilta osoitteessa:<\/h2>\t\t\t\t\t\t\t\t<\/div>\n\t\t\t\t<\/div>\n\t\t\t\t\t<\/div>\n\t\t<\/div>\n\t\t\t\t\t<\/div>\n\t\t<\/section>\n\t\t\t\t<section class=\"elementor-section elementor-top-section elementor-element elementor-element-d3fd531 elementor-section-boxed elementor-section-height-default elementor-section-height-default\" data-id=\"d3fd531\" data-element_type=\"section\">\n\t\t\t\t\t\t<div class=\"elementor-container elementor-column-gap-default\">\n\t\t\t\t\t<div class=\"elementor-column elementor-col-100 elementor-top-column elementor-element elementor-element-de3240c\" data-id=\"de3240c\" data-element_type=\"column\">\n\t\t\t<div class=\"elementor-widget-wrap elementor-element-populated\">\n\t\t\t\t\t\t<div class=\"elementor-element elementor-element-f2261fd elementor-widget elementor-widget-text-editor\" data-id=\"f2261fd\" data-element_type=\"widget\" data-widget_type=\"text-editor.default\">\n\t\t\t\t<div class=\"elementor-widget-container\">\n\t\t\t\t\t\t\t\t\t<p><a href=\"https:\/\/www.vero.fi\/henkiloasiakkaat\/verokortti-ja-veroilmoitus\/vahennykset\/kotitalousvahennys\/\">https:\/\/www.vero.fi\/henkiloasiakkaat\/verokortti-ja-veroilmoitus\/vahennykset\/kotitalousvahennys\/<\/a><\/p>\t\t\t\t\t\t\t\t<\/div>\n\t\t\t\t<\/div>\n\t\t\t\t\t<\/div>\n\t\t<\/div>\n\t\t\t\t\t<\/div>\n\t\t<\/section>\n\t\t\t\t<\/div>\n\t\t","protected":false},"excerpt":{"rendered":"<p>Kognitiivinen lyhytterapia Koulutukset Muistihoito 3.&nbsp;Muistihoito &#8211; konsultaatiot, ohjaukseen ja tukeen liittyv\u00e4t palvelut my\u00f6s kotik\u00e4ynnein tai et\u00e4n\u00e4. \u00c4l\u00e4 j\u00e4\u00e4 yksin, kun kohtaat l\u00e4heisesi sairauden aiheuttavan kysymyksi\u00e4, h\u00e4mmennyst\u00e4&nbsp;tai huolta. Voimavarat lis\u00e4\u00e4ntyy ja el\u00e4m\u00e4nlaatu paranee saadessa oikea-aikaista tukea erilaisiin tilanteisiin. Aivosairaus&nbsp;on puolisoa ja koko perhett\u00e4 koskettava vakava sairaus. Yhteydenotto soittamalla tai s\u00e4hk\u00f6postilla Lis\u00e4tietoa kotitalousv\u00e4hennyksest\u00e4 l\u00f6ytyy verohallinnon sivuilta osoitteessa: &hellip;<\/p>\n<p class=\"read-more\"> <a class=\"\" href=\"https:\/\/validmuistihoito.fi\/\"> <span class=\"screen-reader-text\">Palveluni<\/span> Lue lis\u00e4\u00e4 &raquo;<\/a><\/p>\n","protected":false},"author":1,"featured_media":0,"parent":0,"menu_order":0,"comment_status":"closed","ping_status":"closed","template":"","meta":{"site-sidebar-layout":"default","site-content-layout":"default","ast-global-header-display":"","ast-banner-title-visibility":"","ast-main-header-display":"","ast-hfb-above-header-display":"","ast-hfb-below-header-display":"","ast-hfb-mobile-header-display":"","site-post-title":"","ast-breadcrumbs-content":"","ast-featured-img":"","footer-sml-layout":"","theme-transparent-header-meta":"default","adv-header-id-meta":"","stick-header-meta":"","header-above-stick-meta":"","header-main-stick-meta":"","header-below-stick-meta":"","footnotes":""},"_links":{"self":[{"href":"https:\/\/validmuistihoito.fi\/index.php?rest_route=\/wp\/v2\/pages\/32"}],"collection":[{"href":"https:\/\/validmuistihoito.fi\/index.php?rest_route=\/wp\/v2\/pages"}],"about":[{"href":"https:\/\/validmuistihoito.fi\/index.php?rest_route=\/wp\/v2\/types\/page"}],"author":[{"embeddable":true,"href":"https:\/\/validmuistihoito.fi\/index.php?rest_route=\/wp\/v2\/users\/1"}],"replies":[{"embeddable":true,"href":"https:\/\/validmuistihoito.fi\/index.php?rest_route=%2Fwp%2Fv2%2Fcomments&post=32"}],"version-history":[{"count":87,"href":"https:\/\/validmuistihoito.fi\/index.php?rest_route=\/wp\/v2\/pages\/32\/revisions"}],"predecessor-version":[{"id":552,"href":"https:\/\/validmuistihoito.fi\/index.php?rest_route=\/wp\/v2\/pages\/32\/revisions\/552"}],"wp:attachment":[{"href":"https:\/\/validmuistihoito.fi\/index.php?rest_route=%2Fwp%2Fv2%2Fmedia&parent=32"}],"curies":[{"name":"wp","href":"https:\/\/api.w.org\/{rel}","templated":true}]}}