{"id":407,"date":"2022-06-11T12:15:19","date_gmt":"2022-06-11T09:15:19","guid":{"rendered":"https:\/\/validmuistihoito.fi\/?page_id=407"},"modified":"2023-01-03T17:35:30","modified_gmt":"2023-01-03T15:35:30","slug":"kognitiivinen-lyhytterapia","status":"publish","type":"page","link":"https:\/\/validmuistihoito.fi\/?page_id=407","title":{"rendered":"Kognitiivinen lyhytterapia"},"content":{"rendered":"\n<p>Jokainen meist\u00e4 kokee el\u00e4m\u00e4ss\u00e4\u00e4n pulmakohtia, jolloin voi ja saa&nbsp;tarvita  ammattihenkil\u00f6n tukea ja ymm\u00e4rt\u00e4v\u00e4\u00e4 l\u00e4sn\u00e4oloa. <br>Toisinaan kohtaamme  el\u00e4m\u00e4ss\u00e4 asioita joita pohtimalla&nbsp;ja omia ajatusmalleja tutkimalla voi  l\u00f6yt\u00e4\u00e4 paremman yhteyden itseens\u00e4.<br>Yksin\u00e4isyys,  ahdistavat tilanteet, opiskelu- ja ty\u00f6el\u00e4m\u00e4n haasteet,  ihmissuhdepulmat&nbsp;ja erilaiset kriisit ovat usein syit\u00e4, kun hakeudutaan keskusteluterapiaan.<br>K\u00e4yt\u00e4n vastaanotoillani&nbsp;my\u00f6s rentoutusmenetelmi\u00e4, aina asiakkaan kanssa niist\u00e4 soviten etuk\u00e4teen. <br>Tiedet\u00e4\u00e4n, ett\u00e4 kun mieli ei jaksa kantaa, keho ryhtyy antamaan erilaisia viestej\u00e4 erilaisten kivun kokemusten&nbsp;ja j\u00e4nnittyneisyyden&nbsp;kautta.<br>Muutostilanteessa voi parantaa omaa el\u00e4m\u00e4nlaatua kanssani lyhytterapian keinoin.<br>Palveluni saa my\u00f6s&nbsp;et\u00e4n\u00e4, minne vain tarvitset.<\/p>\n\n\n\n<p> <strong>Keskusteluterapia, kognitiivinen lyhytterapia\u00a0<\/strong>&#8211; Hinta alk. 65\u20ac\/45 min. Lyhytterapian avulla hoidetaan mm. masennusta ja ahdistusta. <\/p>\n\n\n\n<p><strong>Sirpa Remahl<\/strong><br>Sairaanhoitaja, <br>kognitiivinen <br>lyhytterapeutti<br>Muistiasiantuntija, <br>validaatiokouluttaja<br><strong><a rel=\"noreferrer noopener\" href=\"http:\/\/www.validmuistihoito.fi\" target=\"_blank\">www.validmuistihoito.fi<\/a><\/strong><br><strong>050-4326232<\/strong><\/p>\n\n\n\n<h2 class=\"wp-block-heading\">Terapian osoite:<\/h2>\n\n\n\n<iframe src=\"https:\/\/www.google.com\/maps\/embed?pb=!1m18!1m12!1m3!1d1685.5895144881936!2d25.4791794!3d65.0091988!2m3!1f0!2f0!3f0!3m2!1i1024!2i768!4f13.1!3m3!1m2!1s0x468032adc54215c9%3A0x1f824a4365ec3dd0!2sKauppurienkatu%2036%2C%2090100%20Oulu!5e0!3m2!1sfi!2sfi!4v1654951870210!5m2!1sfi!2sfi\" width=\"600\" height=\"450\" style=\"border:0;\" allowfullscreen=\"\" loading=\"lazy\" referrerpolicy=\"no-referrer-when-downgrade\"><\/iframe>\n","protected":false},"excerpt":{"rendered":"<p>Jokainen meist\u00e4 kokee el\u00e4m\u00e4ss\u00e4\u00e4n pulmakohtia, jolloin voi ja saa&nbsp;tarvita ammattihenkil\u00f6n tukea ja ymm\u00e4rt\u00e4v\u00e4\u00e4 l\u00e4sn\u00e4oloa. Toisinaan kohtaamme el\u00e4m\u00e4ss\u00e4 asioita joita pohtimalla&nbsp;ja omia ajatusmalleja tutkimalla voi l\u00f6yt\u00e4\u00e4 paremman yhteyden itseens\u00e4.Yksin\u00e4isyys, ahdistavat tilanteet, opiskelu- ja ty\u00f6el\u00e4m\u00e4n haasteet, ihmissuhdepulmat&nbsp;ja erilaiset kriisit ovat usein syit\u00e4, kun hakeudutaan keskusteluterapiaan.K\u00e4yt\u00e4n vastaanotoillani&nbsp;my\u00f6s rentoutusmenetelmi\u00e4, aina asiakkaan kanssa niist\u00e4 soviten etuk\u00e4teen. Tiedet\u00e4\u00e4n, ett\u00e4 kun mieli &hellip;<\/p>\n<p class=\"read-more\"> <a class=\"\" href=\"https:\/\/validmuistihoito.fi\/?page_id=407\"> <span class=\"screen-reader-text\">Kognitiivinen lyhytterapia<\/span> Lue lis\u00e4\u00e4 &raquo;<\/a><\/p>\n","protected":false},"author":1,"featured_media":433,"parent":0,"menu_order":0,"comment_status":"closed","ping_status":"closed","template":"","meta":{"site-sidebar-layout":"default","site-content-layout":"default","ast-global-header-display":"","ast-banner-title-visibility":"","ast-main-header-display":"","ast-hfb-above-header-display":"","ast-hfb-below-header-display":"","ast-hfb-mobile-header-display":"","site-post-title":"","ast-breadcrumbs-content":"","ast-featured-img":"","footer-sml-layout":"","theme-transparent-header-meta":"default","adv-header-id-meta":"","stick-header-meta":"","header-above-stick-meta":"","header-main-stick-meta":"","header-below-stick-meta":"","footnotes":""},"_links":{"self":[{"href":"https:\/\/validmuistihoito.fi\/index.php?rest_route=\/wp\/v2\/pages\/407"}],"collection":[{"href":"https:\/\/validmuistihoito.fi\/index.php?rest_route=\/wp\/v2\/pages"}],"about":[{"href":"https:\/\/validmuistihoito.fi\/index.php?rest_route=\/wp\/v2\/types\/page"}],"author":[{"embeddable":true,"href":"https:\/\/validmuistihoito.fi\/index.php?rest_route=\/wp\/v2\/users\/1"}],"replies":[{"embeddable":true,"href":"https:\/\/validmuistihoito.fi\/index.php?rest_route=%2Fwp%2Fv2%2Fcomments&post=407"}],"version-history":[{"count":11,"href":"https:\/\/validmuistihoito.fi\/index.php?rest_route=\/wp\/v2\/pages\/407\/revisions"}],"predecessor-version":[{"id":542,"href":"https:\/\/validmuistihoito.fi\/index.php?rest_route=\/wp\/v2\/pages\/407\/revisions\/542"}],"wp:featuredmedia":[{"embeddable":true,"href":"https:\/\/validmuistihoito.fi\/index.php?rest_route=\/wp\/v2\/media\/433"}],"wp:attachment":[{"href":"https:\/\/validmuistihoito.fi\/index.php?rest_route=%2Fwp%2Fv2%2Fmedia&parent=407"}],"curies":[{"name":"wp","href":"https:\/\/api.w.org\/{rel}","templated":true}]}}